{"id":9198,"date":"2025-05-19T18:59:59","date_gmt":"2025-05-19T18:59:59","guid":{"rendered":"https:\/\/phantasia.services\/contact\/"},"modified":"2026-02-09T17:16:37","modified_gmt":"2026-02-09T17:16:37","slug":"contact","status":"publish","type":"page","link":"https:\/\/phantasia.services\/es\/contact\/","title":{"rendered":"Contacto"},"content":{"rendered":"<p>Escr\u00edbenos a <a href=\"mailto:hello@phantasia.services\">hello@phantasia.services<\/a>, vis\u00edtanos en <a href=\"https:\/\/maps.app.goo.gl\/3pWprGaCWDvifCtQ9\" target=\"_blank\" rel=\"noopener\">Pere IV 29, 3-6 08018 Barcelona<\/a>, o s\u00edguenos en Instagram\u00a0<a href=\"https:\/\/instagram.com\/phantasiaservices\" target=\"_blank\" rel=\"noopener\">@phantasiaservices<\/a>.<\/p>\n","protected":false},"excerpt":{"rendered":"<p>Escr\u00edbenos a hello@phantasia.services, vis\u00edtanos en Pere IV 29, 3-6 08018 Barcelona, o s\u00edguenos en Instagram\u00a0@phantasiaservices.<\/p>\n","protected":false},"author":6,"featured_media":0,"parent":0,"menu_order":0,"comment_status":"closed","ping_status":"closed","template":"contact.php","meta":{"_acf_changed":false,"footnotes":""},"class_list":["post-9198","page","type-page","status-publish","hentry"],"acf":[],"_links":{"self":[{"href":"https:\/\/phantasia.services\/es\/wp-json\/wp\/v2\/pages\/9198","targetHints":{"allow":["GET"]}}],"collection":[{"href":"https:\/\/phantasia.services\/es\/wp-json\/wp\/v2\/pages"}],"about":[{"href":"https:\/\/phantasia.services\/es\/wp-json\/wp\/v2\/types\/page"}],"author":[{"embeddable":true,"href":"https:\/\/phantasia.services\/es\/wp-json\/wp\/v2\/users\/6"}],"replies":[{"embeddable":true,"href":"https:\/\/phantasia.services\/es\/wp-json\/wp\/v2\/comments?post=9198"}],"version-history":[{"count":6,"href":"https:\/\/phantasia.services\/es\/wp-json\/wp\/v2\/pages\/9198\/revisions"}],"predecessor-version":[{"id":11087,"href":"https:\/\/phantasia.services\/es\/wp-json\/wp\/v2\/pages\/9198\/revisions\/11087"}],"wp:attachment":[{"href":"https:\/\/phantasia.services\/es\/wp-json\/wp\/v2\/media?parent=9198"}],"curies":[{"name":"wp","href":"https:\/\/api.w.org\/{rel}","templated":true}]}}